{"id":14,"date":"2020-04-10T15:53:17","date_gmt":"2020-04-10T15:53:17","guid":{"rendered":"http:\/\/tanzsportclub-flair.de\/?page_id=14"},"modified":"2026-04-07T19:27:55","modified_gmt":"2026-04-07T19:27:55","slug":"ueber-uns","status":"publish","type":"page","link":"https:\/\/www.tanzsportclub-flair.de\/?page_id=14","title":{"rendered":"\u00dcber uns"},"content":{"rendered":"\n<p>Die &#8222;Flair&#8220; Tanzsportclubs sind eingenst\u00e4ndige Vereine, die jedoch miteinender eng kooperieren. Derzeit gibt es in Herford und L\u00fcbbecke Flair-Vereine und bieten Tanzsportbegeisterten von klein bis gro\u00df und von totalem Anf\u00e4nger \u00fcber Gesellschafts- und Freizeitt\u00e4nzer bis zum Leistungssportorientierten Amateur die ganze Welt des Tanzens an.<\/p>\n\n\n\n<p>Du hast Spa\u00df an Musik und Bewegung? Du m\u00f6chtest gerne Tanzen lernen oder Kenntnisse vertiefen? Oder Du liebst sch\u00f6ne Kleider und Fr\u00e4cke? Du m\u00f6chtest Deinem K\u00f6rper, Deinem Geist und Deiner Seele etws Gutes tun? Du m\u00f6chtest mit Deinem Partner und\/oder Deinen Freunden etwaas sch\u00f6nes zusammen machen und Quality-Time verbringen? Dann bist du bei uns richtig! Wir bieten dir neben dem Standard- und Lateintanz auch Discofox, Tango Argentino, Swing, Salsa, HipHop\/Videoclipdancing, Kindertanzen und diverse andere interessante Angebote rund ums Tanzen! <\/p>\n\n\n\n<p>Hier finden Sie die aktuellen Trainingsangebote des TSC Flair in <a href=\"https:\/\/www.tanzsportclub-flair.de\/?page_id=53\" data-type=\"page\" data-id=\"53\">L\u00fcbbecke<\/a> und <a href=\"http:\/\/www.tanzsportclub-flair.de\/?page_id=50\">Herford<\/a>. Einfach klicken und Sie erfahren, an welchem Ort zu welcher Zeit das Tanzen richtig Spa\u00df macht. Eine Anmeldung, auch f\u00fcr nur mal \u201eschnuppern\u201c, ist erforderlich. F\u00fcr Workshops ist keine Mitgliedshaft erforderlich, f\u00fcr alle dauerhaften Trainingsangebote ist eine Mitgliedschaft im Verein notwendig. Zus\u00e4tzliche Kosten entstehen dadurch nicht. Mindestmitgliedschaft drei Monate &#8211; K\u00fcndigungsfrist einen Monat zum Quartalsende. Einige Angebote werden in Zusammenarbeit mit dem Kreissportbund durchgef\u00fchrt. Anmeldung auch hier m\u00f6glich.<\/p>\n","protected":false},"excerpt":{"rendered":"<p>Die &#8222;Flair&#8220; Tanzsportclubs sind eingenst\u00e4ndige Vereine, die jedoch miteinender eng kooperieren. Derzeit gibt es in Herford und L\u00fcbbecke Flair-Vereine und bieten Tanzsportbegeisterten von klein bis&#8230;<\/p>\n<div class=\"more-link-wrapper\"><a class=\"more-link\" href=\"https:\/\/www.tanzsportclub-flair.de\/?page_id=14\">Weiterlesen<span class=\"screen-reader-text\">\u00dcber uns<\/span><\/a><\/div>\n","protected":false},"author":2,"featured_media":0,"parent":0,"menu_order":0,"comment_status":"closed","ping_status":"closed","template":"","meta":{"footnotes":""},"class_list":["post-14","page","type-page","status-publish","hentry","entry"],"_links":{"self":[{"href":"https:\/\/www.tanzsportclub-flair.de\/index.php?rest_route=\/wp\/v2\/pages\/14","targetHints":{"allow":["GET"]}}],"collection":[{"href":"https:\/\/www.tanzsportclub-flair.de\/index.php?rest_route=\/wp\/v2\/pages"}],"about":[{"href":"https:\/\/www.tanzsportclub-flair.de\/index.php?rest_route=\/wp\/v2\/types\/page"}],"author":[{"embeddable":true,"href":"https:\/\/www.tanzsportclub-flair.de\/index.php?rest_route=\/wp\/v2\/users\/2"}],"replies":[{"embeddable":true,"href":"https:\/\/www.tanzsportclub-flair.de\/index.php?rest_route=%2Fwp%2Fv2%2Fcomments&post=14"}],"version-history":[{"count":9,"href":"https:\/\/www.tanzsportclub-flair.de\/index.php?rest_route=\/wp\/v2\/pages\/14\/revisions"}],"predecessor-version":[{"id":362,"href":"https:\/\/www.tanzsportclub-flair.de\/index.php?rest_route=\/wp\/v2\/pages\/14\/revisions\/362"}],"wp:attachment":[{"href":"https:\/\/www.tanzsportclub-flair.de\/index.php?rest_route=%2Fwp%2Fv2%2Fmedia&parent=14"}],"curies":[{"name":"wp","href":"https:\/\/api.w.org\/{rel}","templated":true}]}}