{"id":50,"date":"2020-04-11T17:51:06","date_gmt":"2020-04-11T17:51:06","guid":{"rendered":"http:\/\/tanzsportclub-flair.de\/?page_id=50"},"modified":"2024-06-04T09:25:27","modified_gmt":"2024-06-04T09:25:27","slug":"flair-herford","status":"publish","type":"page","link":"https:\/\/www.tanzsportclub-flair.de\/?page_id=50","title":{"rendered":"Flair Herford"},"content":{"rendered":"\n<p>In Herford bieten wir dienstags ab 17:30 Uhr drei feste Trainingsgruppen an. Trainiert wird in der kleinen Sporthalle der Grundschule Radewig, Diebrocker Stra\u00dfe 94, 32051 Herford. <\/p>\n\n\n\n<p>Wir freuen uns auf Euch!<\/p>\n\n\n\n<p><strong>17:30 bis 18:30 Uhr<\/strong><br>Jugendliche Einsteiger<br>Standard und Latein<br>ab 10 Jahre<\/p>\n\n\n\n<p><strong>18:30 bis 20:00 Uhr<\/strong><br>Jugendliche Turniertanz<br>Standard und Latein<br>ab 10 Jahre<\/p>\n\n\n\n<p><strong>20:00 bis 21:30 Uhr<\/strong><br>Erwachsene Breitensport<br>Standard und Latein<\/p>\n\n\n\n<p><strong>Freies Training<\/strong><br>Donnerstags | 16:30 bis 22:00 Uhr<br>Freitags | 18:00 bis 22:00 Uhr<br>Samstags | 10:00 bis 14:00 Uhr<br><br>Zu seltenen, speziell vereinbarten Terminen findet Samstags Sondertraining statt.<\/p>\n\n\n\n<p><strong>Beitr\u00e4ge<\/strong><\/p>\n\n\n\n<p>F\u00fcr aktive (sporttreibende) Mitglieder \u00fcber 18 Jahren<br>60-Minuten w\u00f6chentlich | monatlich 30,00 \u20ac<br>90-Minuten w\u00f6chentlich | monatlich 35,00 \u20ac<\/p>\n\n\n\n<p>F\u00fcr aktive (sporttreibende) Mitglieder unter 18 Jahren<br>60-Minuten w\u00f6chentlich | monatlich 20.- \u20ac<br>90-Minuten w\u00f6chentlich | monatlich 25.- \u20ac<\/p>\n\n\n\n<p>F\u00fcr passive (nicht sporttreibende) Mitglieder 3,00 \u20ac<\/p>\n\n\n\n<p>K\u00fcndigungsfrist: 1 Monat zum jeweiligen Quartalsende. Abweichende Beitr\u00e4ge, insbesondere f\u00fcr neue Gruppen sind m\u00f6glich und haben keine Auswirkungen auf die Mitgliedsbeitr\u00e4ge.<\/p>\n","protected":false},"excerpt":{"rendered":"<p>In Herford bieten wir dienstags ab 17:30 Uhr drei feste Trainingsgruppen an. Trainiert wird in der kleinen Sporthalle der Grundschule Radewig, Diebrocker Stra\u00dfe 94, 32051&#8230;<\/p>\n<div class=\"more-link-wrapper\"><a class=\"more-link\" href=\"https:\/\/www.tanzsportclub-flair.de\/?page_id=50\">Weiterlesen<span class=\"screen-reader-text\">Flair Herford<\/span><\/a><\/div>\n","protected":false},"author":2,"featured_media":0,"parent":0,"menu_order":0,"comment_status":"closed","ping_status":"closed","template":"","meta":{"footnotes":""},"class_list":["post-50","page","type-page","status-publish","hentry","entry"],"_links":{"self":[{"href":"https:\/\/www.tanzsportclub-flair.de\/index.php?rest_route=\/wp\/v2\/pages\/50","targetHints":{"allow":["GET"]}}],"collection":[{"href":"https:\/\/www.tanzsportclub-flair.de\/index.php?rest_route=\/wp\/v2\/pages"}],"about":[{"href":"https:\/\/www.tanzsportclub-flair.de\/index.php?rest_route=\/wp\/v2\/types\/page"}],"author":[{"embeddable":true,"href":"https:\/\/www.tanzsportclub-flair.de\/index.php?rest_route=\/wp\/v2\/users\/2"}],"replies":[{"embeddable":true,"href":"https:\/\/www.tanzsportclub-flair.de\/index.php?rest_route=%2Fwp%2Fv2%2Fcomments&post=50"}],"version-history":[{"count":10,"href":"https:\/\/www.tanzsportclub-flair.de\/index.php?rest_route=\/wp\/v2\/pages\/50\/revisions"}],"predecessor-version":[{"id":315,"href":"https:\/\/www.tanzsportclub-flair.de\/index.php?rest_route=\/wp\/v2\/pages\/50\/revisions\/315"}],"wp:attachment":[{"href":"https:\/\/www.tanzsportclub-flair.de\/index.php?rest_route=%2Fwp%2Fv2%2Fmedia&parent=50"}],"curies":[{"name":"wp","href":"https:\/\/api.w.org\/{rel}","templated":true}]}}