{"id":53,"date":"2020-04-11T17:52:56","date_gmt":"2020-04-11T17:52:56","guid":{"rendered":"http:\/\/tanzsportclub-flair.de\/?page_id=53"},"modified":"2026-04-07T18:54:46","modified_gmt":"2026-04-07T18:54:46","slug":"flair-diepholz","status":"publish","type":"page","link":"https:\/\/www.tanzsportclub-flair.de\/?page_id=53","title":{"rendered":"Flair L\u00fcbbecke"},"content":{"rendered":"\n<p>In L\u00fcbbecke bieten wir aktuell Montags, Donnerstags und Sonntags  Trainingsgruppen f\u00fcr Kinder, Jugendliche und Erwachsene an. Trainiert wird im Hotel-Restaurant Borchard, Langekamp 26 in 32312 L\u00fcbbecke und in der Sporthalle der Grundschule Regenbogen, Martinstra\u00dfe 19 in 32312 L\u00fcbbecke <\/p>\n\n\n\n<p>Wir freuen uns auf Euch!<\/p>\n\n\n\n<p><\/p>\n","protected":false},"excerpt":{"rendered":"<p>In L\u00fcbbecke bieten wir aktuell Montags, Donnerstags und Sonntags Trainingsgruppen f\u00fcr Kinder, Jugendliche und Erwachsene an. Trainiert wird im Hotel-Restaurant Borchard, Langekamp 26 in 32312&#8230;<\/p>\n<div class=\"more-link-wrapper\"><a class=\"more-link\" href=\"https:\/\/www.tanzsportclub-flair.de\/?page_id=53\">Weiterlesen<span class=\"screen-reader-text\">Flair L\u00fcbbecke<\/span><\/a><\/div>\n","protected":false},"author":2,"featured_media":0,"parent":0,"menu_order":0,"comment_status":"closed","ping_status":"closed","template":"","meta":{"footnotes":""},"class_list":["post-53","page","type-page","status-publish","hentry","entry"],"_links":{"self":[{"href":"https:\/\/www.tanzsportclub-flair.de\/index.php?rest_route=\/wp\/v2\/pages\/53","targetHints":{"allow":["GET"]}}],"collection":[{"href":"https:\/\/www.tanzsportclub-flair.de\/index.php?rest_route=\/wp\/v2\/pages"}],"about":[{"href":"https:\/\/www.tanzsportclub-flair.de\/index.php?rest_route=\/wp\/v2\/types\/page"}],"author":[{"embeddable":true,"href":"https:\/\/www.tanzsportclub-flair.de\/index.php?rest_route=\/wp\/v2\/users\/2"}],"replies":[{"embeddable":true,"href":"https:\/\/www.tanzsportclub-flair.de\/index.php?rest_route=%2Fwp%2Fv2%2Fcomments&post=53"}],"version-history":[{"count":5,"href":"https:\/\/www.tanzsportclub-flair.de\/index.php?rest_route=\/wp\/v2\/pages\/53\/revisions"}],"predecessor-version":[{"id":359,"href":"https:\/\/www.tanzsportclub-flair.de\/index.php?rest_route=\/wp\/v2\/pages\/53\/revisions\/359"}],"wp:attachment":[{"href":"https:\/\/www.tanzsportclub-flair.de\/index.php?rest_route=%2Fwp%2Fv2%2Fmedia&parent=53"}],"curies":[{"name":"wp","href":"https:\/\/api.w.org\/{rel}","templated":true}]}}